
{"id":14,"date":"2025-11-12T12:48:49","date_gmt":"2025-11-12T11:48:49","guid":{"rendered":"https:\/\/przedszkole33.edu.wroclaw.pl\/?page_id=14"},"modified":"2026-02-26T12:14:51","modified_gmt":"2026-02-26T11:14:51","slug":"dla-rodzicow","status":"publish","type":"page","link":"https:\/\/przedszkole33.edu.wroclaw.pl\/index.php\/dla-rodzicow\/","title":{"rendered":"Dla rodzic\u00f3w"},"content":{"rendered":"<div class=\"wpb-content-wrapper\"><p>[vc_row][vc_column][vc_custom_heading text=&#8221;Procedura post\u0119powania na wypadek wyst\u0105pienia choroby zaka\u017anej&#8221; font_container=&#8221;tag:h2|font_size:20px|text_align:left&#8221; google_fonts=&#8221;font_family:Montserrat%3Aregular%2C700|font_style:400%20regular%3A400%3Anormal&#8221; css=&#8221;&#8221;][vc_column_text css=&#8221;&#8221;]<span style=\"font-size: 14pt;\"><a href=\"https:\/\/przedszkole33.edu.wroclaw.pl\/wp-content\/uploads\/sites\/89\/2026\/02\/Procedura-postepowania-na-wypadek-wystapienia-choroby-zakaznej-w-Przedszkolu-nr-33-Staromiejskie-we-Wroclawiu-pdf-2.50-MB.pdf\">Procedura post\u0119powania na wypadek wyst\u0105pienia choroby zaka\u017anej w Przedszkolu nr 33 Staromiejskie we Wroc\u0142awiu (pdf 2.50 MB)<\/a><\/span><\/p>\n<p><span style=\"font-size: 14pt;\"><a href=\"https:\/\/przedszkole33.edu.wroclaw.pl\/wp-content\/uploads\/sites\/89\/2026\/02\/Procedura-postepowania-na-wypadek-wystapienia-choroby-zakaznej-w-Przedszkolu-nr-33-Staromiejskie-we-Wroclawiu.doc\">Procedura post\u0119powania na wypadek wyst\u0105pienia choroby zaka\u017anej w Przedszkolu nr 33 Staromiejskie we Wroc\u0142awiu (doc 118 KB)<\/a><\/span>[\/vc_column_text][\/vc_column][\/vc_row]<\/p>\n<\/div>","protected":false},"excerpt":{"rendered":"<p>[vc_row][vc_column][vc_custom_heading text=&#8221;Procedura post\u0119powania na wypadek wyst\u0105pienia choroby zaka\u017anej&#8221; font_container=&#8221;tag:h2|font_size:20px|text_align:left&#8221; google_fonts=&#8221;font_family:Montserrat%3Aregular%2C700|font_style:400%20regular%3A400%3Anormal&#8221; css=&#8221;&#8221;][vc_column_text css=&#8221;&#8221;]Procedura post\u0119powania na wypadek wyst\u0105pienia choroby zaka\u017anej w Przedszkolu nr 33 Staromiejskie we Wroc\u0142awiu (pdf 2.50 MB) Procedura post\u0119powania [&hellip;]<\/p>\n","protected":false},"author":72,"featured_media":0,"parent":0,"menu_order":0,"comment_status":"closed","ping_status":"closed","template":"","meta":{"footnotes":""},"class_list":["post-14","page","type-page","status-publish","hentry","clearfix"],"_links":{"self":[{"href":"https:\/\/przedszkole33.edu.wroclaw.pl\/index.php\/wp-json\/wp\/v2\/pages\/14","targetHints":{"allow":["GET"]}}],"collection":[{"href":"https:\/\/przedszkole33.edu.wroclaw.pl\/index.php\/wp-json\/wp\/v2\/pages"}],"about":[{"href":"https:\/\/przedszkole33.edu.wroclaw.pl\/index.php\/wp-json\/wp\/v2\/types\/page"}],"author":[{"embeddable":true,"href":"https:\/\/przedszkole33.edu.wroclaw.pl\/index.php\/wp-json\/wp\/v2\/users\/72"}],"replies":[{"embeddable":true,"href":"https:\/\/przedszkole33.edu.wroclaw.pl\/index.php\/wp-json\/wp\/v2\/comments?post=14"}],"version-history":[{"count":4,"href":"https:\/\/przedszkole33.edu.wroclaw.pl\/index.php\/wp-json\/wp\/v2\/pages\/14\/revisions"}],"predecessor-version":[{"id":423,"href":"https:\/\/przedszkole33.edu.wroclaw.pl\/index.php\/wp-json\/wp\/v2\/pages\/14\/revisions\/423"}],"wp:attachment":[{"href":"https:\/\/przedszkole33.edu.wroclaw.pl\/index.php\/wp-json\/wp\/v2\/media?parent=14"}],"curies":[{"name":"wp","href":"https:\/\/api.w.org\/{rel}","templated":true}]}}