
{"id":16,"date":"2025-11-12T12:49:04","date_gmt":"2025-11-12T11:49:04","guid":{"rendered":"https:\/\/przedszkole33.edu.wroclaw.pl\/?page_id=16"},"modified":"2026-02-04T13:45:11","modified_gmt":"2026-02-04T12:45:11","slug":"rodo","status":"publish","type":"page","link":"https:\/\/przedszkole33.edu.wroclaw.pl\/index.php\/rodo\/","title":{"rendered":"Rodo"},"content":{"rendered":"<div class=\"wpb-content-wrapper\"><p>[vc_row][vc_column][vc_column_text css=&#8221;&#8221;]<\/p>\n<h2>Klauzule Rodo<\/h2>\n<p><span style=\"font-size: 14pt;\"><a href=\"https:\/\/przedszkole33.edu.wroclaw.pl\/wp-content\/uploads\/sites\/89\/2026\/02\/Zal.-7.-Klauzula-zlozenie-pisma-w-placowce-pdf-149-KB.pdf\">Za\u0142. 7. Klauzula &#8211; z\u0142o\u017cenie pisma w plac\u00f3wce [pdf 149 KB]<\/a><\/span><\/p>\n<p><span style=\"font-size: 14pt;\"><a href=\"https:\/\/przedszkole33.edu.wroclaw.pl\/wp-content\/uploads\/sites\/89\/2026\/02\/Zal.-7b.-Klauzula-postepowanie-administracyjne-pdf-152-KB.pdf\">Za\u0142. 7b. Klauzula post\u0119powanie administracyjne [pdf 152 KB]<\/a><\/span><\/p>\n<p><span style=\"font-size: 14pt;\"><a href=\"https:\/\/przedszkole33.edu.wroclaw.pl\/wp-content\/uploads\/sites\/89\/2026\/02\/Zal.-7c.-Klauzula-korespondencja-elektroniczna-pdf-140-KB.pdf\">Za\u0142. 7c. Klauzula &#8211; korespondencja elektroniczna [pdf 140 KB]<\/a><\/span><\/p>\n<p><span style=\"font-size: 14pt;\"><a href=\"https:\/\/przedszkole33.edu.wroclaw.pl\/wp-content\/uploads\/sites\/89\/2026\/02\/Zal.-7e.-Klauzula-strona-www-pdf-137-KB.pdf\">Za\u0142. 7e. Klauzula &#8211; strona www [pdf 137 KB]<\/a><\/span><\/p>\n<p><span style=\"font-size: 14pt;\"><a href=\"https:\/\/przedszkole33.edu.wroclaw.pl\/wp-content\/uploads\/sites\/89\/2026\/02\/Zal.-7f.-Klauzula-umowa-pdf-119-KB.pdf\">Za\u0142. 7f. Klauzula &#8211; umowa [pdf 119 KB]<\/a><\/span><\/p>\n<p><span style=\"font-size: 14pt;\"><a href=\"https:\/\/przedszkole33.edu.wroclaw.pl\/wp-content\/uploads\/sites\/89\/2026\/02\/Zal.-7g.-Klauzula-zamowienia-publiczne-pdf-150-KB.pdf\">Za\u0142. 7g. Klauzula &#8211; zam\u00f3wienia publiczne [pdf 150 KB]<\/a><\/span><\/p>\n<p><span style=\"font-size: 14pt;\"><a href=\"https:\/\/przedszkole33.edu.wroclaw.pl\/wp-content\/uploads\/sites\/89\/2026\/02\/Zal.-7h.-Klauzula-umowa-najmu-pdf-135-KB.pdf\">Za\u0142. 7h. Klauzula &#8211; umowa najmu [pdf 135 KB]<\/a><\/span><\/p>\n<p><span style=\"font-size: 14pt;\"><a href=\"https:\/\/przedszkole33.edu.wroclaw.pl\/wp-content\/uploads\/sites\/89\/2026\/02\/Zal.-7j.-Kauzula-wolontariusz-pdf-148-KB.pdf\">Za\u0142. 7j. Kauzula &#8211; wolontariusz [pdf 148 KB]<\/a><\/span><\/p>\n<p><span style=\"font-size: 14pt;\"><a href=\"https:\/\/przedszkole33.edu.wroclaw.pl\/wp-content\/uploads\/sites\/89\/2026\/02\/Zal.-7k.-Klauzula-rekrutacja-pracownika-pdf-159-KB.pdf\">Za\u0142. 7k. Klauzula &#8211; rekrutacja pracownika [pdf 159 KB]<\/a><\/span><\/p>\n<p><span style=\"font-size: 14pt;\"><a href=\"https:\/\/przedszkole33.edu.wroclaw.pl\/wp-content\/uploads\/sites\/89\/2026\/02\/Zal.-7l.-Klauzula-pracownik-nauczyciel-pdf-159-KB.pdf\">Za\u0142. 7l. Klauzula &#8211; pracownik &#8211; nauczyciel [pdf 159 KB]<\/a><\/span><\/p>\n<p><span style=\"font-size: 14pt;\"><a href=\"https:\/\/przedszkole33.edu.wroclaw.pl\/wp-content\/uploads\/sites\/89\/2026\/02\/Zal.-7m.-Klauzula-pracownik-samorzadowy-pdf-154-KB.pdf\">Za\u0142. 7m. Klauzula &#8211; pracownik samorz\u0105dowy [pdf 154 KB]<\/a><\/span><\/p>\n<p><span style=\"font-size: 14pt;\"><a href=\"https:\/\/przedszkole33.edu.wroclaw.pl\/wp-content\/uploads\/sites\/89\/2026\/02\/Zal.-7n.-Klauzula-edukacja-dziecka-w-placowce-pdf-160-KB.pdf\">Za\u0142. 7n. Klauzula &#8211; edukacja dziecka w plac\u00f3wce [pdf 160 KB]<\/a><\/span><\/p>\n<p><span style=\"font-size: 14pt;\"><a href=\"https:\/\/przedszkole33.edu.wroclaw.pl\/wp-content\/uploads\/sites\/89\/2026\/02\/Zal.-7s-Klauzula-praca-spolecznie-uzyteczna-pdf-151-KB.pdf\">Za\u0142. 7s Klauzula &#8211; praca spo\u0142ecznie u\u017cyteczna [pdf 151 KB]<\/a><\/span><\/p>\n<p><span style=\"font-size: 14pt;\"><a href=\"https:\/\/przedszkole33.edu.wroclaw.pl\/wp-content\/uploads\/sites\/89\/2026\/02\/Zal.-7u.-Klauzula-praktykanci-pdf-157-KB.pdf\">Za\u0142. 7u. Klauzula praktykanci [pdf 157 KB]<\/a><\/span><\/p>\n<p><span style=\"font-size: 14pt;\"><a href=\"https:\/\/przedszkole33.edu.wroclaw.pl\/wp-content\/uploads\/sites\/89\/2026\/02\/Zal.-7w.-Klauzula-Fundusz-Zdrowotny-pdf-155-KB.pdf\">Za\u0142. 7w. Klauzula &#8211; Fundusz Zdrowotny [pdf 155 KB]<\/a><\/span><\/p>\n<p><span style=\"font-size: 14pt;\"><a href=\"https:\/\/przedszkole33.edu.wroclaw.pl\/wp-content\/uploads\/sites\/89\/2026\/02\/Zal.-7x.-Klauzula-dla-osob-upowaznionych-do-odbioru-dziecka-z-przedszkola-pdf-141-KB.pdf\">Za\u0142. 7x. Klauzula &#8211; dla os\u00f3b upowa\u017cnionych do odbioru dziecka z przedszkola [pdf 141 KB]<\/a><\/span><\/p>\n<p><span style=\"font-size: 14pt;\"><a href=\"https:\/\/przedszkole33.edu.wroclaw.pl\/wp-content\/uploads\/sites\/89\/2026\/02\/Zal.-12a.-Kluzula-monitoring-pdf-147-KB.pdf\">Za\u0142. 12a. Kluzula monitoring [pdf 147 KB]<\/a><\/span><\/p>\n<p>[\/vc_column_text][\/vc_column][\/vc_row]<\/p>\n<\/div>","protected":false},"excerpt":{"rendered":"<p>[vc_row][vc_column][vc_column_text css=&#8221;&#8221;] Klauzule Rodo Za\u0142. 7. Klauzula &#8211; z\u0142o\u017cenie pisma w plac\u00f3wce [pdf 149 KB] Za\u0142. 7b. Klauzula post\u0119powanie administracyjne [pdf 152 KB] Za\u0142. 7c. Klauzula &#8211; korespondencja elektroniczna [pdf [&hellip;]<\/p>\n","protected":false},"author":72,"featured_media":0,"parent":0,"menu_order":0,"comment_status":"closed","ping_status":"closed","template":"","meta":{"footnotes":""},"class_list":["post-16","page","type-page","status-publish","hentry","clearfix"],"_links":{"self":[{"href":"https:\/\/przedszkole33.edu.wroclaw.pl\/index.php\/wp-json\/wp\/v2\/pages\/16","targetHints":{"allow":["GET"]}}],"collection":[{"href":"https:\/\/przedszkole33.edu.wroclaw.pl\/index.php\/wp-json\/wp\/v2\/pages"}],"about":[{"href":"https:\/\/przedszkole33.edu.wroclaw.pl\/index.php\/wp-json\/wp\/v2\/types\/page"}],"author":[{"embeddable":true,"href":"https:\/\/przedszkole33.edu.wroclaw.pl\/index.php\/wp-json\/wp\/v2\/users\/72"}],"replies":[{"embeddable":true,"href":"https:\/\/przedszkole33.edu.wroclaw.pl\/index.php\/wp-json\/wp\/v2\/comments?post=16"}],"version-history":[{"count":6,"href":"https:\/\/przedszkole33.edu.wroclaw.pl\/index.php\/wp-json\/wp\/v2\/pages\/16\/revisions"}],"predecessor-version":[{"id":353,"href":"https:\/\/przedszkole33.edu.wroclaw.pl\/index.php\/wp-json\/wp\/v2\/pages\/16\/revisions\/353"}],"wp:attachment":[{"href":"https:\/\/przedszkole33.edu.wroclaw.pl\/index.php\/wp-json\/wp\/v2\/media?parent=16"}],"curies":[{"name":"wp","href":"https:\/\/api.w.org\/{rel}","templated":true}]}}