
{"id":177,"date":"2025-12-10T12:23:26","date_gmt":"2025-12-10T11:23:26","guid":{"rendered":"https:\/\/przedszkole33.edu.wroclaw.pl\/?page_id=177"},"modified":"2025-12-10T13:37:50","modified_gmt":"2025-12-10T12:37:50","slug":"ramowy-rozklad-dnia","status":"publish","type":"page","link":"https:\/\/przedszkole33.edu.wroclaw.pl\/index.php\/o-nas\/ramowy-rozklad-dnia\/","title":{"rendered":"Ramowy rozk\u0142ad dnia"},"content":{"rendered":"<div class=\"wpb-content-wrapper\"><p>[vc_row][vc_column][vc_column_text css=&#8221;&#8221;]<span style=\"font-size: 14pt;\"><strong>Przedszkole otwarte jest od poniedzia\u0142ku do pi\u0105tku w godz. 6.30 \u2013 17.00<\/strong><\/span><\/p>\n<p><strong><span style=\"font-size: 14pt;\">Nasz dzie\u0144 w przedszkolu<\/span><\/strong><\/p>\n<p><strong><span style=\"font-size: 14pt;\">6.30 \u2013 7.25<\/span><\/strong><\/p>\n<ul style=\"padding-left: 30px;\">\n<li><span style=\"font-size: 14pt;\">Przyjmowanie dzieci do plac\u00f3wki<\/span><\/li>\n<li><span style=\"font-size: 14pt;\">Zabawy swobodne w sali wed\u0142ug zainteresowa\u0144 dzieci \u2013 indywidualne lub w zespo\u0142ach: zabawy konstrukcyjne, manipulacyjne, tematyczne, plastyczne, gry stolikowe<\/span><\/li>\n<li><span style=\"font-size: 14pt;\">Indywidualna praca z dzieckiem<\/span><\/li>\n<li><span style=\"font-size: 14pt;\">Zabawy kierowane przez nauczyciela: integruj\u0105ce, rozwijaj\u0105ce percepcj\u0119 s\u0142uchow\u0105, wzrokow\u0105, \u0107wiczenia logopedyczne , zabawy ruchowe przy muzyce , logorytmika<\/span><\/li>\n<\/ul>\n<p><strong><span style=\"font-size: 14pt;\">7.25 \u2013 8.00<\/span><\/strong><\/p>\n<ul style=\"padding-left: 30px;\">\n<li><span style=\"font-size: 14pt;\">\u0106wiczenia poranne<\/span><\/li>\n<li><span style=\"font-size: 14pt;\">Przygotowanie do \u015bniadania \u2013 czynno\u015bci samoobs\u0142ugowe, zabiegi higieniczne<\/span><\/li>\n<li><strong><span style=\"font-size: 14pt;\">\u015aniadanie od godz. 8.00<\/span><\/strong><\/li>\n<\/ul>\n<p><strong><span style=\"font-size: 14pt;\">8.30 \u2013 9.00<\/span><\/strong><\/p>\n<ul style=\"padding-left: 30px;\">\n<li><span style=\"font-size: 14pt;\">Czynno\u015bci porz\u0105dkowe, zabiegi higieniczne<\/span><\/li>\n<\/ul>\n<p><strong><span style=\"font-size: 14pt;\">9.00 \u2013 10.45<\/span><\/strong><\/p>\n<ul style=\"padding-left: 30px;\">\n<li><span style=\"font-size: 14pt;\">Zaj\u0119cia dydaktyczno-wychowawcze: aktywno\u015b\u0107 j\u0119zykowa, matematyczna, przyrodnicza, muzyczna, plastyczna, ruchowa, spo\u0142eczna<\/span><\/li>\n<li><span style=\"font-size: 14pt;\">Pobyt na powietrzu: gry i zabawy ruchowe swobodne lub pod kierunkiem nauczyciela z wykorzystaniem sprz\u0119tu sportowo \u2013 rekreacyjnego, obserwacje przyrodnicze, spacery, wycieczki<\/span><\/li>\n<li><span style=\"font-size: 14pt;\">Zabawy swobodne w sali wed\u0142ug zainteresowa\u0144 dzieci \u2013 indywidualne lub w zespo\u0142ach: zabawy konstrukcyjne, manipulacyjne, tematyczne, plastyczne, gry stolikowe<\/span><\/li>\n<li><span style=\"font-size: 14pt;\">Zaj\u0119cia korekcyjno \u2013 kompensacyjne ze specjalistami, indywidualne lub w ma\u0142ych grupach<\/span><\/li>\n<li><span style=\"font-size: 14pt;\">Zaj\u0119cia dodatkowe<\/span><\/li>\n<\/ul>\n<p><strong><span style=\"font-size: 14pt;\">10.45 \u2013 11.30<\/span><\/strong><\/p>\n<ul style=\"padding-left: 30px;\">\n<li><span style=\"font-size: 14pt;\">Przygotowanie do II \u015bniadania \u2013 czynno\u015bci samoobs\u0142ugowe, zabiegi higieniczne<\/span><\/li>\n<li><span style=\"font-size: 14pt;\">II \u015aniadanie<\/span><\/li>\n<\/ul>\n<p><strong><span style=\"font-size: 14pt;\">11.30 \u2013 13.00<\/span><\/strong><\/p>\n<ul style=\"padding-left: 30px;\">\n<li><span style=\"font-size: 14pt;\">Odpoczynek poobiedni: drzemka (maluszki), relaksacja, s\u0142uchanie muzyki, literatury dzieci\u0119cej<\/span><\/li>\n<li><span style=\"font-size: 14pt;\">Zabawy w sali kierowane przez nauczyciela lub wed\u0142ug w\u0142asnych zainteresowa\u0144 dzieci<\/span><\/li>\n<li><span style=\"font-size: 14pt;\">Zaj\u0119cia korekcyjno \u2013 kompensacyjne ze specjalistami, indywidualne lub w ma\u0142ych grupach<\/span><\/li>\n<li><span style=\"font-size: 14pt;\">Zaj\u0119cia dodatkowe<\/span><\/li>\n<li><span style=\"font-size: 14pt;\">Pobyt na powietrzu: gry i zabawy ruchowe swobodne lub pod kierunkiem nauczyciela z wykorzystaniem sprz\u0119tu sportowo \u2013 rekreacyjnego, obserwacje przyrodnicze, spacery, wycieczki<\/span><\/li>\n<\/ul>\n<p><strong><span style=\"font-size: 14pt;\">13.00 \u2013 13.20<\/span><\/strong><\/p>\n<ul style=\"padding-left: 30px;\">\n<li><span style=\"font-size: 14pt;\">Przygotowanie do obiadu \u2013 czynno\u015bci samoobs\u0142ugowe, zabiegi higieniczne<\/span><\/li>\n<\/ul>\n<p><strong><span style=\"font-size: 14pt;\">13.20 \u2013 13.50<\/span><\/strong><\/p>\n<ul style=\"padding-left: 30px;\">\n<li><strong><span style=\"font-size: 14pt;\">Obiad<\/span><\/strong><\/li>\n<li><span style=\"font-size: 14pt;\">Czynno\u015bci porz\u0105dkowe, zabiegi higieniczne<\/span><\/li>\n<\/ul>\n<p><strong><span style=\"font-size: 14pt;\">13.50 \u2013 17.00<\/span><\/strong><\/p>\n<ul style=\"padding-left: 30px;\">\n<li><span style=\"font-size: 14pt;\">Zabawy swobodne w sali wed\u0142ug zainteresowa\u0144 dzieci, podejmowane z inicjatywy dzieci\u2013 indywidualne lub w zespo\u0142ach: zabawy konstrukcyjne, manipulacyjne, tematyczne, plastyczne, gry stolikowe<\/span><\/li>\n<li><span style=\"font-size: 14pt;\">Zabawy prowadzone pod kierunkiem nauczyciela: dydaktyczne, badawcze, utrwalanie poznanych wierszy i piosenek, gry i zabawy dydaktyczne<\/span><\/li>\n<li><span style=\"font-size: 14pt;\">Praca indywidualna<\/span><\/li>\n<li><span style=\"font-size: 14pt;\">Zaj\u0119cia dodatkowe<\/span><\/li>\n<li><span style=\"font-size: 14pt;\">Porz\u0105dkowanie zabawek i pomocy, rozchodzenie si\u0119 dzieci<\/span><\/li>\n<\/ul>\n<p>[\/vc_column_text][\/vc_column][\/vc_row]<\/p>\n<\/div>","protected":false},"excerpt":{"rendered":"<p>[vc_row][vc_column][vc_column_text css=&#8221;&#8221;]Przedszkole otwarte jest od poniedzia\u0142ku do pi\u0105tku w godz. 6.30 \u2013 17.00 Nasz dzie\u0144 w przedszkolu 6.30 \u2013 7.25 Przyjmowanie dzieci do plac\u00f3wki Zabawy swobodne w sali wed\u0142ug zainteresowa\u0144 [&hellip;]<\/p>\n","protected":false},"author":72,"featured_media":0,"parent":8,"menu_order":0,"comment_status":"closed","ping_status":"closed","template":"","meta":{"footnotes":""},"class_list":["post-177","page","type-page","status-publish","hentry","clearfix"],"_links":{"self":[{"href":"https:\/\/przedszkole33.edu.wroclaw.pl\/index.php\/wp-json\/wp\/v2\/pages\/177","targetHints":{"allow":["GET"]}}],"collection":[{"href":"https:\/\/przedszkole33.edu.wroclaw.pl\/index.php\/wp-json\/wp\/v2\/pages"}],"about":[{"href":"https:\/\/przedszkole33.edu.wroclaw.pl\/index.php\/wp-json\/wp\/v2\/types\/page"}],"author":[{"embeddable":true,"href":"https:\/\/przedszkole33.edu.wroclaw.pl\/index.php\/wp-json\/wp\/v2\/users\/72"}],"replies":[{"embeddable":true,"href":"https:\/\/przedszkole33.edu.wroclaw.pl\/index.php\/wp-json\/wp\/v2\/comments?post=177"}],"version-history":[{"count":11,"href":"https:\/\/przedszkole33.edu.wroclaw.pl\/index.php\/wp-json\/wp\/v2\/pages\/177\/revisions"}],"predecessor-version":[{"id":190,"href":"https:\/\/przedszkole33.edu.wroclaw.pl\/index.php\/wp-json\/wp\/v2\/pages\/177\/revisions\/190"}],"up":[{"embeddable":true,"href":"https:\/\/przedszkole33.edu.wroclaw.pl\/index.php\/wp-json\/wp\/v2\/pages\/8"}],"wp:attachment":[{"href":"https:\/\/przedszkole33.edu.wroclaw.pl\/index.php\/wp-json\/wp\/v2\/media?parent=177"}],"curies":[{"name":"wp","href":"https:\/\/api.w.org\/{rel}","templated":true}]}}