
{"id":241,"date":"2026-02-02T11:29:54","date_gmt":"2026-02-02T10:29:54","guid":{"rendered":"https:\/\/przedszkole33.edu.wroclaw.pl\/?page_id=241"},"modified":"2026-02-04T14:15:06","modified_gmt":"2026-02-04T13:15:06","slug":"rekrutacja","status":"publish","type":"page","link":"https:\/\/przedszkole33.edu.wroclaw.pl\/index.php\/dla-rodzicow\/rekrutacja\/","title":{"rendered":"Rekrutacja"},"content":{"rendered":"<div class=\"wpb-content-wrapper\"><p>[vc_row][vc_column][vc_column_text css=&#8221;&#8221;]<\/p>\n<h2 style=\"text-align: center;\"><span style=\"font-size: 18pt;\">Przedszkole nr 33 &#8222;Staromiejskie&#8221;<\/span><\/h2>\n<p><span style=\"font-size: 14pt;\">Mamy wolne miejsca. Zapraszamy do rekrutacji na rok szkolny <strong>2026\/2027<\/strong>.<\/span><\/p>\n<p><span style=\"font-size: 14pt;\">Nasze atuty:<\/span><\/p>\n<ul>\n<li><span style=\"font-size: 14pt;\">przedszkole j\u0119zykowe, stawiamy na j\u0119zyki obce: angielski, francuski oraz hiszpa\u0144ski<\/span><\/li>\n<li><span style=\"font-size: 14pt;\">wykwalifikowana kadra<\/span><\/li>\n<li><span style=\"font-size: 14pt;\">gimnastyka<\/span><\/li>\n<li><span style=\"font-size: 14pt;\">&#8222;Mali wspaniali&#8221;<\/span><\/li>\n<li><span style=\"font-size: 14pt;\">Miejski program profilaktyki logorytmicznej<\/span><\/li>\n<li><span style=\"font-size: 14pt;\">rytmika<\/span><\/li>\n<li><span style=\"font-size: 14pt;\">kodowania na dywanie<\/span><\/li>\n<\/ul>\n<p><a href=\"https:\/\/przedszkole33.edu.wroclaw.pl\/wp-content\/uploads\/sites\/89\/2026\/02\/HARMONOGRAM-DLA-RODZICOW-ETAP-PODSTAWOWY-docix-12-KB.docx\"><span style=\"font-size: 14pt;\">HARMONOGRAM DLA RODZIC\u00d3W &#8211; ETAP PODSTAWOWY [docix 12 KB)<\/span><\/a>[\/vc_column_text][\/vc_column][\/vc_row][vc_row][vc_column][vc_column_text css=&#8221;&#8221;]<span style=\"font-size: 14pt;\"><a href=\"https:\/\/rekrutacje.edu.wroclaw.pl\/switcher-public\/\">Link do rekrutacji w roku szkolnym 2026\/2027 we Wroc\u0142awiu<\/a><\/span>[\/vc_column_text][\/vc_column][\/vc_row][vc_row][vc_column][vc_single_image image=&#8221;244&#8243; img_size=&#8221;large&#8221; alignment=&#8221;center&#8221; onclick=&#8221;img_link_large&#8221; css=&#8221;&#8221;][\/vc_column][\/vc_row]<\/p>\n<\/div>","protected":false},"excerpt":{"rendered":"<p>[vc_row][vc_column][vc_column_text css=&#8221;&#8221;] Przedszkole nr 33 &#8222;Staromiejskie&#8221; Mamy wolne miejsca. Zapraszamy do rekrutacji na rok szkolny 2026\/2027. Nasze atuty: przedszkole j\u0119zykowe, stawiamy na j\u0119zyki obce: angielski, francuski oraz hiszpa\u0144ski wykwalifikowana kadra [&hellip;]<\/p>\n","protected":false},"author":72,"featured_media":0,"parent":14,"menu_order":0,"comment_status":"closed","ping_status":"closed","template":"","meta":{"footnotes":""},"class_list":["post-241","page","type-page","status-publish","hentry","clearfix"],"_links":{"self":[{"href":"https:\/\/przedszkole33.edu.wroclaw.pl\/index.php\/wp-json\/wp\/v2\/pages\/241","targetHints":{"allow":["GET"]}}],"collection":[{"href":"https:\/\/przedszkole33.edu.wroclaw.pl\/index.php\/wp-json\/wp\/v2\/pages"}],"about":[{"href":"https:\/\/przedszkole33.edu.wroclaw.pl\/index.php\/wp-json\/wp\/v2\/types\/page"}],"author":[{"embeddable":true,"href":"https:\/\/przedszkole33.edu.wroclaw.pl\/index.php\/wp-json\/wp\/v2\/users\/72"}],"replies":[{"embeddable":true,"href":"https:\/\/przedszkole33.edu.wroclaw.pl\/index.php\/wp-json\/wp\/v2\/comments?post=241"}],"version-history":[{"count":9,"href":"https:\/\/przedszkole33.edu.wroclaw.pl\/index.php\/wp-json\/wp\/v2\/pages\/241\/revisions"}],"predecessor-version":[{"id":369,"href":"https:\/\/przedszkole33.edu.wroclaw.pl\/index.php\/wp-json\/wp\/v2\/pages\/241\/revisions\/369"}],"up":[{"embeddable":true,"href":"https:\/\/przedszkole33.edu.wroclaw.pl\/index.php\/wp-json\/wp\/v2\/pages\/14"}],"wp:attachment":[{"href":"https:\/\/przedszkole33.edu.wroclaw.pl\/index.php\/wp-json\/wp\/v2\/media?parent=241"}],"curies":[{"name":"wp","href":"https:\/\/api.w.org\/{rel}","templated":true}]}}