
{"id":249,"date":"2026-02-02T11:40:52","date_gmt":"2026-02-02T10:40:52","guid":{"rendered":"https:\/\/przedszkole33.edu.wroclaw.pl\/?page_id=249"},"modified":"2026-02-02T11:43:30","modified_gmt":"2026-02-02T10:43:30","slug":"darowizna","status":"publish","type":"page","link":"https:\/\/przedszkole33.edu.wroclaw.pl\/index.php\/dla-rodzicow\/darowizna\/","title":{"rendered":"Darowizna"},"content":{"rendered":"<div class=\"wpb-content-wrapper\"><p>[vc_row][vc_column][vc_column_text css=&#8221;&#8221;]<\/p>\n<h2>Przedszkole &#8222;Staromiejskie&#8221;<\/h2>\n<p><span style=\"font-size: 14pt;\">DRODZY RODZICE!<\/span><\/p>\n<p><span style=\"font-size: 14pt;\">Bardzo prosimy o uwzgl\u0119dnienie nas w tegorocznym rozliczeniu podatkowym i przekazaniu nam 1,5%<\/span><\/p>\n<p><span style=\"font-size: 14pt;\">Wype\u0142niaj\u0105c formularz PIT prosimy o wpis KRS: 0000270261 cel szczeg\u00f3\u0142owy: STAROMIEJSKIE WROC\u0141AW 10249<\/span><\/p>\n<p><span style=\"font-size: 14pt;\">ZA POZYSKANE W TYM ROKU \u015aRODKI ZOSTAN\u0104 ZAKUPIONE LAMPY PRZEP\u0141YWOWE WSPIERAJ\u0104CE ZDROWIE PA\u0143STWA DZIECI I PRACOWNIK\u00d3W NASZEGO PRZEDSZKOLA<\/span><\/p>\n<p><span style=\"font-size: 14pt;\">DYREKTOR PRZEDSZKOLA NR 33 &#8222;STAROMIEJSKIE&#8221;<\/span><\/p>\n<p><span style=\"font-size: 14pt;\">Marta \u015awierk-Szwed<\/span>[\/vc_column_text][\/vc_column][\/vc_row][vc_row][vc_column][vc_single_image image=&#8221;253&#8243; img_size=&#8221;large&#8221; alignment=&#8221;center&#8221; onclick=&#8221;img_link_large&#8221; css=&#8221;&#8221;][\/vc_column][\/vc_row]<\/p>\n<\/div>","protected":false},"excerpt":{"rendered":"<p>[vc_row][vc_column][vc_column_text css=&#8221;&#8221;] Przedszkole &#8222;Staromiejskie&#8221; DRODZY RODZICE! Bardzo prosimy o uwzgl\u0119dnienie nas w tegorocznym rozliczeniu podatkowym i przekazaniu nam 1,5% Wype\u0142niaj\u0105c formularz PIT prosimy o wpis KRS: 0000270261 cel szczeg\u00f3\u0142owy: STAROMIEJSKIE [&hellip;]<\/p>\n","protected":false},"author":72,"featured_media":0,"parent":14,"menu_order":0,"comment_status":"closed","ping_status":"closed","template":"","meta":{"footnotes":""},"class_list":["post-249","page","type-page","status-publish","hentry","clearfix"],"_links":{"self":[{"href":"https:\/\/przedszkole33.edu.wroclaw.pl\/index.php\/wp-json\/wp\/v2\/pages\/249","targetHints":{"allow":["GET"]}}],"collection":[{"href":"https:\/\/przedszkole33.edu.wroclaw.pl\/index.php\/wp-json\/wp\/v2\/pages"}],"about":[{"href":"https:\/\/przedszkole33.edu.wroclaw.pl\/index.php\/wp-json\/wp\/v2\/types\/page"}],"author":[{"embeddable":true,"href":"https:\/\/przedszkole33.edu.wroclaw.pl\/index.php\/wp-json\/wp\/v2\/users\/72"}],"replies":[{"embeddable":true,"href":"https:\/\/przedszkole33.edu.wroclaw.pl\/index.php\/wp-json\/wp\/v2\/comments?post=249"}],"version-history":[{"count":4,"href":"https:\/\/przedszkole33.edu.wroclaw.pl\/index.php\/wp-json\/wp\/v2\/pages\/249\/revisions"}],"predecessor-version":[{"id":254,"href":"https:\/\/przedszkole33.edu.wroclaw.pl\/index.php\/wp-json\/wp\/v2\/pages\/249\/revisions\/254"}],"up":[{"embeddable":true,"href":"https:\/\/przedszkole33.edu.wroclaw.pl\/index.php\/wp-json\/wp\/v2\/pages\/14"}],"wp:attachment":[{"href":"https:\/\/przedszkole33.edu.wroclaw.pl\/index.php\/wp-json\/wp\/v2\/media?parent=249"}],"curies":[{"name":"wp","href":"https:\/\/api.w.org\/{rel}","templated":true}]}}