
{"id":277,"date":"2026-02-02T13:11:48","date_gmt":"2026-02-02T12:11:48","guid":{"rendered":"https:\/\/przedszkole33.edu.wroclaw.pl\/?page_id=277"},"modified":"2026-02-02T13:16:49","modified_gmt":"2026-02-02T12:16:49","slug":"ukraina","status":"publish","type":"page","link":"https:\/\/przedszkole33.edu.wroclaw.pl\/index.php\/aktualnosci\/ukraina\/","title":{"rendered":"Ukraina"},"content":{"rendered":"<div class=\"wpb-content-wrapper\"><p>[vc_row full_width=&#8221;stretch_row&#8221; css=&#8221;.vc_custom_1763366074950{background-color: #E9E8E8 !important;}&#8221;][vc_column][vc_custom_heading text=&#8221;Jak zapisa\u0107 do przedszkola lub szko\u0142y dziecko przyje\u017cd\u017caj\u0105ce z Ukrainy&#8221; font_container=&#8221;tag:h2|font_size:42|text_align:center&#8221; google_fonts=&#8221;font_family:Amatic%20SC%3Aregular%2C700|font_style:700%20bold%20regular%3A700%3Anormal&#8221; css_animation=&#8221;fadeInDown&#8221; css=&#8221;&#8221;][vc_zigzag color=&#8221;sky&#8221; el_width=&#8221;50&#8243; el_border_width=&#8221;15&#8243; css_animation=&#8221;fadeInDown&#8221;][vc_row_inner equal_height=&#8221;yes&#8221; gap=&#8221;35&#8243;][vc_column_inner width=&#8221;1\/2&#8243;][vc_single_image image=&#8221;90&#8243; img_size=&#8221;large&#8221; alignment=&#8221;center&#8221; onclick=&#8221;link_image&#8221; css=&#8221;&#8221;][\/vc_column_inner][vc_column_inner width=&#8221;1\/2&#8243;][vc_single_image image=&#8221;93&#8243; img_size=&#8221;large&#8221; alignment=&#8221;center&#8221; onclick=&#8221;link_image&#8221; css=&#8221;&#8221;][\/vc_column_inner][\/vc_row_inner][vc_empty_space][vc_column_text css=&#8221;&#8221;]Z niepokojem \u015bledzimy sytuacj\u0119 na Ukrainie, solidaryzuj\u0105c si\u0119 ze wszystkimi jej obywatelami, ale przede wszystkim \u2013 z naszymi Przedszkolakami i ich rodzinami. Dyrekcja, nauczyciele i wszyscy pracownicy Przedszkola nr 33 otaczaj\u0105 Was szczeg\u00f3ln\u0105 opiek\u0105 i w miar\u0119 mo\u017cliwo\u015bci b\u0119d\u0105 s\u0142u\u017cy\u0107 rad\u0105 i pomoc\u0105.<\/p>\n<p>B\u0119dziemy r\u00f3wnie\u017c pomagali tym, kt\u00f3rzy potrzebuj\u0105 pomocy materialnej. Decyzj\u0105 Prezydent Wroc\u0142awia Jacek Sutryk od poniedzia\u0142ku, 28 lutego wszystkie plac\u00f3wki zaanga\u017cuj\u0105 si\u0119 w zbi\u00f3rk\u0119 dar\u00f3w, kt\u00f3r\u0105 b\u0119dzie koordynowa\u0107 Wroc\u0142awskie Centrum Rozwoju Spo\u0142ecznego.<\/p>\n<p>Wiemy, \u017ce mo\u017cemy na Was liczy\u0107! Solidarno\u015b\u0107 powinna si\u0119 przejawia\u0107 nie tylko w symbolach i deklaracjach, ale w konkretnych dzia\u0142aniach. Rodzic\u00f3w i wszystkich, kt\u00f3rzy mog\u0105 pom\u00f3c w inny spos\u00f3b, zach\u0119camy do kontaktu z Wychowawcami grup.<\/p>\n<p><strong><a href=\"https:\/\/www.wroclaw.pl\/portal\/wojna-na-ukrainie-jak-pomoc-zbiorki\">Link do informacji o formach pomocy<\/a><\/strong>[\/vc_column_text][\/vc_column][\/vc_row]<\/p>\n<\/div>","protected":false},"excerpt":{"rendered":"<p>[vc_row full_width=&#8221;stretch_row&#8221; css=&#8221;.vc_custom_1763366074950{background-color: #E9E8E8 !important;}&#8221;][vc_column][vc_custom_heading text=&#8221;Jak zapisa\u0107 do przedszkola lub szko\u0142y dziecko przyje\u017cd\u017caj\u0105ce z Ukrainy&#8221; font_container=&#8221;tag:h2|font_size:42|text_align:center&#8221; google_fonts=&#8221;font_family:Amatic%20SC%3Aregular%2C700|font_style:700%20bold%20regular%3A700%3Anormal&#8221; css_animation=&#8221;fadeInDown&#8221; css=&#8221;&#8221;][vc_zigzag color=&#8221;sky&#8221; el_width=&#8221;50&#8243; el_border_width=&#8221;15&#8243; css_animation=&#8221;fadeInDown&#8221;][vc_row_inner equal_height=&#8221;yes&#8221; gap=&#8221;35&#8243;][vc_column_inner width=&#8221;1\/2&#8243;][vc_single_image image=&#8221;90&#8243; img_size=&#8221;large&#8221; alignment=&#8221;center&#8221; onclick=&#8221;link_image&#8221; [&hellip;]<\/p>\n","protected":false},"author":72,"featured_media":0,"parent":10,"menu_order":0,"comment_status":"closed","ping_status":"closed","template":"","meta":{"footnotes":""},"class_list":["post-277","page","type-page","status-publish","hentry","clearfix"],"_links":{"self":[{"href":"https:\/\/przedszkole33.edu.wroclaw.pl\/index.php\/wp-json\/wp\/v2\/pages\/277","targetHints":{"allow":["GET"]}}],"collection":[{"href":"https:\/\/przedszkole33.edu.wroclaw.pl\/index.php\/wp-json\/wp\/v2\/pages"}],"about":[{"href":"https:\/\/przedszkole33.edu.wroclaw.pl\/index.php\/wp-json\/wp\/v2\/types\/page"}],"author":[{"embeddable":true,"href":"https:\/\/przedszkole33.edu.wroclaw.pl\/index.php\/wp-json\/wp\/v2\/users\/72"}],"replies":[{"embeddable":true,"href":"https:\/\/przedszkole33.edu.wroclaw.pl\/index.php\/wp-json\/wp\/v2\/comments?post=277"}],"version-history":[{"count":3,"href":"https:\/\/przedszkole33.edu.wroclaw.pl\/index.php\/wp-json\/wp\/v2\/pages\/277\/revisions"}],"predecessor-version":[{"id":281,"href":"https:\/\/przedszkole33.edu.wroclaw.pl\/index.php\/wp-json\/wp\/v2\/pages\/277\/revisions\/281"}],"up":[{"embeddable":true,"href":"https:\/\/przedszkole33.edu.wroclaw.pl\/index.php\/wp-json\/wp\/v2\/pages\/10"}],"wp:attachment":[{"href":"https:\/\/przedszkole33.edu.wroclaw.pl\/index.php\/wp-json\/wp\/v2\/media?parent=277"}],"curies":[{"name":"wp","href":"https:\/\/api.w.org\/{rel}","templated":true}]}}