
{"id":49,"date":"2025-11-14T14:45:05","date_gmt":"2025-11-14T13:45:05","guid":{"rendered":"https:\/\/przedszkole33.edu.wroclaw.pl\/?page_id=49"},"modified":"2026-02-04T13:54:39","modified_gmt":"2026-02-04T12:54:39","slug":"oferta-edukacyjna","status":"publish","type":"page","link":"https:\/\/przedszkole33.edu.wroclaw.pl\/index.php\/o-nas\/oferta-edukacyjna\/","title":{"rendered":"Oferta edukacyjna"},"content":{"rendered":"<div class=\"wpb-content-wrapper\"><p>[vc_row][vc_column][vc_column_text css=&#8221;&#8221;]<span style=\"font-size: 12pt;\"><strong>Przedszkole nr 33 \u201eStaromiejskie\u201d-j\u0119zykowe znajduje si\u0119 w dogodnej dla Pa\u0144stwa lokalizacji- centrum miasta<\/strong>. Jest czynne od poniedzia\u0142ku do pi\u0105tku w godzinach 6.30-17.00. Przedszkole ma bardzo dobre warunki lokalowe: du\u017ce, dobrze nas\u0142onecznione sale z w\u0142asnymi \u0142azienkami dostosowanymi do wieku dzieci, przestronny hol, \u00a0gabinet logopedyczny, gabinet metodyczny, a tak\u017ce <strong>w\u0142asn\u0105 kuchni\u0119<\/strong>, kt\u00f3ra jest wyj\u0105tkowym atutem plac\u00f3wki. Jeste\u015bmy jedn\u0105 z niewielu plac\u00f3wek na terenie Wroc\u0142awia, w kt\u00f3rej wszystkie posi\u0142ki przygotowywane s\u0105 na miejscu wed\u0142ug domowej receptury z dostosowaniem si\u0119 do norm \u017cywieniowych. Dzieci spo\u017cywaj\u0105 \u015bwie\u017ce i smaczne posi\u0142ki, kt\u00f3re okre\u015bla si\u0119 mianem \u201ejak u mamy\u201d. Przedszkole na bie\u017c\u0105co jest wyposa\u017cane w nowoczesne pomoce dydaktyczne, r\u00f3wnie\u017c z\u00a0zakresu technologii informatycznej. Du\u017c\u0105 zalet\u0105 plac\u00f3wki jest przestronny, ogrodzony plac zabaw.<\/span><\/p>\n<p><span style=\"font-size: 12pt;\">Przedszkole posiada wykwalifikowan\u0105, profesjonaln\u0105 i zaanga\u017cowan\u0105 kadr\u0119 pedagogiczn\u0105, kt\u00f3ra dba o wszechstronny rozw\u00f3j dziecka. Dzieci s\u0105 pod sta\u0142\u0105 opiek\u0105; w ramach pomocy psychologiczno \u2013 pedagogicznej realizowane s\u0105 zaj\u0119cia dla dzieci ze specjalnymi potrzebami. Przedszkole wsp\u00f3\u0142pracuje z poradni\u0105 psychologiczno \u2013 pedagogiczn\u0105 oraz jest obj\u0119te <strong>Miejskim Programem Profilaktyki Logopedycznej.<\/strong> Nasza plac\u00f3wka posiada <strong>liczne certyfikaty.<\/strong> W przedszkolu prowadzone s\u0105 <strong>darmowo dwa j\u0119zyki obce: j\u0119zyk francuski i j\u0119zyk angielski i hiszpa\u0144ski \u2013<\/strong> przez certyfikowanych filolog\u00f3w, a tak\u017ce<strong> religia, gimnastyka korekcyjna, rytmika, zaj\u0119cia sportowe \u201eMali Wspaniali\u201d.<\/strong> Dodatkowo dzieci maj\u0105 mo\u017cliwo\u015b\u0107 uczestniczenia w <strong>zaj\u0119ciach tanecznych-<\/strong> prowadzonych przez Vice Mistrza polski oraz P\u00f3\u0142finalist\u0119 Mistrzostw w Ta\u0144cu Towarzyskim, w<strong> zaj\u0119ciach z robotyki,<\/strong> a tak\u017ce wyj\u015bciach na <strong>basen<\/strong>. \u00a0Cz\u0119sto go\u015bcimy specjalist\u00f3w od profilaktyki pr\u00f3chnicy i ekologii, kt\u00f3rzy prowadz\u0105 dla dzieci interesuj\u0105ce warsztaty. Raz w miesi\u0105cu odbywaj\u0105 si\u0119 u nas koncerty muzyczne. \u00a0Zach\u0119camy do zapoznania si\u0119 z programami i projektami edukacyjnymi, w kt\u00f3rych bierzemy udzia\u0142.<\/span><\/p>\n<p><span style=\"font-size: 12pt;\">I ty mo\u017cesz do nas do\u0142\u0105czy\u0107!<\/span><\/p>\n<p><span style=\"font-size: 12pt;\"><em><strong>Zapraszamy!<\/strong><\/em><\/span>[\/vc_column_text][\/vc_column][\/vc_row][vc_row][vc_column][vc_gallery type=&#8221;image_grid&#8221; images=&#8221;357,355,289,104,323,356&#8243; img_size=&#8221;250&#215;250&#8243; css=&#8221;&#8221; title=&#8221;Poni\u017cej znajduje si\u0119 wirtualny spacer po Przedszkolu&#8221;][\/vc_column][\/vc_row]<\/p>\n<\/div>","protected":false},"excerpt":{"rendered":"<p>[vc_row][vc_column][vc_column_text css=&#8221;&#8221;]Przedszkole nr 33 \u201eStaromiejskie\u201d-j\u0119zykowe znajduje si\u0119 w dogodnej dla Pa\u0144stwa lokalizacji- centrum miasta. Jest czynne od poniedzia\u0142ku do pi\u0105tku w godzinach 6.30-17.00. Przedszkole ma bardzo dobre warunki lokalowe: du\u017ce, [&hellip;]<\/p>\n","protected":false},"author":72,"featured_media":0,"parent":8,"menu_order":0,"comment_status":"closed","ping_status":"closed","template":"","meta":{"footnotes":""},"class_list":["post-49","page","type-page","status-publish","hentry","clearfix"],"_links":{"self":[{"href":"https:\/\/przedszkole33.edu.wroclaw.pl\/index.php\/wp-json\/wp\/v2\/pages\/49","targetHints":{"allow":["GET"]}}],"collection":[{"href":"https:\/\/przedszkole33.edu.wroclaw.pl\/index.php\/wp-json\/wp\/v2\/pages"}],"about":[{"href":"https:\/\/przedszkole33.edu.wroclaw.pl\/index.php\/wp-json\/wp\/v2\/types\/page"}],"author":[{"embeddable":true,"href":"https:\/\/przedszkole33.edu.wroclaw.pl\/index.php\/wp-json\/wp\/v2\/users\/72"}],"replies":[{"embeddable":true,"href":"https:\/\/przedszkole33.edu.wroclaw.pl\/index.php\/wp-json\/wp\/v2\/comments?post=49"}],"version-history":[{"count":11,"href":"https:\/\/przedszkole33.edu.wroclaw.pl\/index.php\/wp-json\/wp\/v2\/pages\/49\/revisions"}],"predecessor-version":[{"id":362,"href":"https:\/\/przedszkole33.edu.wroclaw.pl\/index.php\/wp-json\/wp\/v2\/pages\/49\/revisions\/362"}],"up":[{"embeddable":true,"href":"https:\/\/przedszkole33.edu.wroclaw.pl\/index.php\/wp-json\/wp\/v2\/pages\/8"}],"wp:attachment":[{"href":"https:\/\/przedszkole33.edu.wroclaw.pl\/index.php\/wp-json\/wp\/v2\/media?parent=49"}],"curies":[{"name":"wp","href":"https:\/\/api.w.org\/{rel}","templated":true}]}}